{"id":16577,"date":"2020-10-28T17:58:40","date_gmt":"2020-10-28T16:58:40","guid":{"rendered":"https:\/\/www.mropenevo.com\/aviso-legal\/"},"modified":"2023-01-13T14:57:51","modified_gmt":"2023-01-13T13:57:51","slug":"aviso-legal","status":"publish","type":"page","link":"https:\/\/www.mropenevo.com\/es\/aviso-legal\/","title":{"rendered":"AVISO LEGAL"},"content":{"rendered":"<p><div class=\"fusion-fullwidth fullwidth-box fusion-builder-row-1 fusion-flex-container nonhundred-percent-fullwidth non-hundred-percent-height-scrolling\" style=\"--awb-border-radius-top-left:0px;--awb-border-radius-top-right:0px;--awb-border-radius-bottom-right:0px;--awb-border-radius-bottom-left:0px;--awb-background-color:#005195;--awb-flex-wrap:wrap;\" ><div class=\"fusion-builder-row fusion-row fusion-flex-align-items-flex-start fusion-flex-content-wrap\" style=\"max-width:1248px;margin-left: calc(-4% \/ 2 );margin-right: calc(-4% \/ 2 );\"><div class=\"fusion-layout-column fusion_builder_column fusion-builder-column-0 fusion_builder_column_1_1 1_1 fusion-flex-column fusion-flex-align-self-center\" style=\"--awb-bg-size:cover;--awb-width-large:100%;--awb-margin-top-large:0px;--awb-spacing-right-large:1.92%;--awb-margin-bottom-large:0px;--awb-spacing-left-large:1.92%;--awb-width-medium:100%;--awb-order-medium:0;--awb-spacing-right-medium:1.92%;--awb-spacing-left-medium:1.92%;--awb-width-small:100%;--awb-order-small:0;--awb-spacing-right-small:1.92%;--awb-spacing-left-small:1.92%;\"><div class=\"fusion-column-wrapper fusion-column-has-shadow fusion-flex-justify-content-center fusion-content-layout-column\"><div class=\"fusion-title title fusion-title-1 fusion-sep-none fusion-title-text fusion-title-size-one\" style=\"--awb-text-color:#ffffff;--awb-margin-top:15px;--awb-margin-bottom:15px;\"><h1 class=\"fusion-title-heading title-heading-right\" style=\"margin:0;\"><p class=\"p1\" style=\"text-align: right;\">AVISO LEGAL<\/p><\/h1><\/div><\/div><\/div><\/div><\/div><div class=\"fusion-fullwidth fullwidth-box fusion-builder-row-2 fusion-flex-container nonhundred-percent-fullwidth non-hundred-percent-height-scrolling\" style=\"--awb-border-radius-top-left:0px;--awb-border-radius-top-right:0px;--awb-border-radius-bottom-right:0px;--awb-border-radius-bottom-left:0px;--awb-flex-wrap:wrap;\" ><div class=\"fusion-builder-row fusion-row fusion-flex-align-items-flex-start fusion-flex-content-wrap\" style=\"max-width:1248px;margin-left: calc(-4% \/ 2 );margin-right: calc(-4% \/ 2 );\"><div class=\"fusion-layout-column fusion_builder_column fusion-builder-column-1 fusion_builder_column_1_1 1_1 fusion-flex-column\" style=\"--awb-bg-size:cover;--awb-width-large:100%;--awb-margin-top-large:0px;--awb-spacing-right-large:1.92%;--awb-margin-bottom-large:0px;--awb-spacing-left-large:1.92%;--awb-width-medium:100%;--awb-order-medium:0;--awb-spacing-right-medium:1.92%;--awb-spacing-left-medium:1.92%;--awb-width-small:100%;--awb-order-small:0;--awb-spacing-right-small:1.92%;--awb-spacing-left-small:1.92%;\"><div class=\"fusion-column-wrapper fusion-column-has-shadow fusion-flex-justify-content-flex-start fusion-content-layout-column\"><div class=\"fusion-separator fusion-full-width-sep\" style=\"align-self: center;margin-left: auto;margin-right: auto;margin-top:40px;width:100%;\"><\/div><div class=\"fusion-text fusion-text-1\"><p><strong>Condiciones de acceso al sitio web mropenevo.com<\/strong><br \/>\nEl sitio web de mropenenevo tiene por objeto proporcionar una descripci\u00f3n simple de la empresa y sus actividades, sin que esto represente un documento oficial y, en todo caso, en las condiciones que se establecen a continuaci\u00f3n. El acceso al sitio y la obtenci\u00f3n de los materiales y la informaci\u00f3n que contiene implica, por tanto, que los usuarios aceptan las presentes condiciones.<\/p>\n<p><strong>Derechos de propiedad<\/strong><br \/>\nEl dise\u00f1o del sitio y su contenido (por ejemplo, informaci\u00f3n, pron\u00f3sticos, datos, im\u00e1genes, caracteres, n\u00fameros, notas, opiniones y an\u00e1lisis) son propiedad exclusiva de ASG Superconductors USA y los derechos derivados de su uso est\u00e1n reservados exclusivamente para ASG Superconductors USA y, en todo caso, sujetos a la protecci\u00f3n que ofrece la legislaci\u00f3n vigente, incluyendo derechos de autor, marcas, patentes y otras leyes. Las marcas comerciales, los logotipos y los nombres de la empresa son propiedad de ASG Superconductors USA. Por lo tanto, no pueden utilizarse sin el consentimiento previo por escrito de ASG Superconductors USA. En detalle, el nombre de la empresa ASG Superconductors USA no puede ser utilizado por terceros sin el consentimiento previo por escrito de ASG Superconductors USA. En concreto, queda prohibido cualquier uso con fines publicitarios sin dicho consentimiento, incluso si en ese momento existiera alguna forma de colaboraci\u00f3n entre los terceros y ASG Superconductors USA.<\/p>\n<p><strong>Limitaciones de uso<\/strong><br \/>\nLa informaci\u00f3n contenida en el sitio puede transferirse al sistema del usuario solo para uso personal. Quedan por tanto excluidos todos los derechos de reproducci\u00f3n con fines financieros, comerciales o industriales.<\/p>\n<p><strong>Limitaci\u00f3n de responsabilidad<\/strong><br \/>\nLa informaci\u00f3n contenida en este sitio web se proporciona con el convencimiento de buena fe de que es precisa y veraz. Sin embargo, ASG Superconductors USA no ofrece ninguna garant\u00eda y niega toda responsabilidad por cualquier da\u00f1o que pueda derivarse, directa o indirectamente, de cualquier error o imprecisi\u00f3n en dicha informaci\u00f3n, o por la falta de actualizaci\u00f3n. Por lo tanto, es responsabilidad de los usuarios verificar la informaci\u00f3n obtenida, especialmente si dicha informaci\u00f3n influye en las decisiones relacionadas con iniciativas financieras o comerciales. En consideraci\u00f3n a la finalidad meramente informativa del sitio y de su contenido, dicha informaci\u00f3n no puede dar derechos ni generar expectativas en forma alguna a terceros, por lo que ASG Superconductors USA se reserva el derecho a realizar modificaciones o cambios, as\u00ed como a modificar o bloquear los productos, los servicios y las actividades antes mencionados. El acceso y uso del sitio web de ASG Superconductors USA tambi\u00e9n asume que los usuarios han verificado la compatibilidad con sus sistemas y que la conexi\u00f3n a este no provoca ning\u00fan error de funcionamiento en la infraestructura de informaci\u00f3n utilizada. ASG Superconductors USA no ser\u00e1 en ning\u00fan caso responsable de los da\u00f1os derivados de dichas conexiones, incluso en el caso de que existan virus inform\u00e1ticos u otras causas. ASG Superconductors USA tambi\u00e9n se reserva el derecho de enjuiciar, seg\u00fan corresponda, cualquier actividad destinada a causar da\u00f1os al sitio o limitar su uso.<\/p>\n<p><strong>Enlaces<\/strong><br \/>\nEl sitio web mropenevo.com contiene enlaces a sitios de terceros. La existencia de estos enlaces no implica que ASG Superconductors USA patrocine o tenga alg\u00fan inter\u00e9s en relaci\u00f3n con los propietarios de los sitios web vinculados. Por lo tanto, ASG Superconductors USA niega toda responsabilidad en relaci\u00f3n con el contenido de los sitios web de terceros vinculados. El usuario que decida acceder a un sitio a trav\u00e9s de un enlace lo hace bajo su propia responsabilidad y acepta que es responsable de adoptar las medidas necesarias contra virus y otros elementos que puedan da\u00f1ar su ordenador.<\/p>\n<p><strong>Privacidad<\/strong><br \/>\nLos datos que aparecen en el sitio web mropenevo.com no contienen informaci\u00f3n sensible. Los datos enviados por el usuario del sitio en formato electr\u00f3nico se gestionan de conformidad con el REGLAMENTO (UE) 2016\/679 del Parlamento Europeo y del Consejo, de 27 de abril de 2016, relativo a la protecci\u00f3n de las personas f\u00edsicas en lo que respecta a la gesti\u00f3n de datos personales, as\u00ed como a la libre circulaci\u00f3n de dichos datos, que deroga la Directiva 95\/46\/CE (reglamento general en materia de protecci\u00f3n de datos); al Decreto Legislativo 196\/2003, C\u00f3digo en materia de protecci\u00f3n de datos personales; a la Prestaci\u00f3n del Garante de Privacidad n. 229\/2014, relativa a la \u201cIdentificaci\u00f3n de procedimientos simplificados para la informaci\u00f3n y obtenci\u00f3n del consentimiento para el uso de cookies\u201d.<br \/>\nLa entidad a cargo de la gesti\u00f3n de los datos personales es ASG Superconductors USA, a la cual se deber\u00e1 remitir cualquier comunicaci\u00f3n o notificaci\u00f3n al respecto. Siempre que sea posible, el acceso al sitio garantiza la confidencialidad del nombre del usuario, en el sentido de que ning\u00fan otro usuario puede saber de ninguna manera qu\u00e9 usuario ha accedido al sitio, qu\u00e9 ruta ha seguido dentro del sitio o qu\u00e9 informaci\u00f3n ha obtenido de ella. Informamos que, en cumplimiento de los principios de licitud, limitaci\u00f3n de finalidades y minimizaci\u00f3n de datos, conforme al art. 5 GDPR 2016\/679, con su consentimiento espec\u00edfico cuando sea necesario, sus datos personales se almacenar\u00e1n durante el per\u00edodo de tiempo necesario para lograr los fines para los que se recopilan y procesan. Mediante previa solicitud por escrito del usuario, ASG Superconductors USA eliminar\u00e1 inmediatamente su nombre de la base de datos, y le dar\u00e1 una confirmaci\u00f3n por escrito.<\/p>\n<\/div><\/div><\/div><\/div><\/div><\/p>\n","protected":false},"excerpt":{"rendered":"","protected":false},"author":1,"featured_media":0,"parent":0,"menu_order":0,"comment_status":"closed","ping_status":"closed","template":"100-width.php","meta":{"sfsi_plus_gutenberg_text_before_share":"","sfsi_plus_gutenberg_show_text_before_share":"","sfsi_plus_gutenberg_icon_type":"","sfsi_plus_gutenberg_icon_alignemt":"","sfsi_plus_gutenburg_max_per_row":"","footnotes":""},"_links":{"self":[{"href":"https:\/\/www.mropenevo.com\/es\/wp-json\/wp\/v2\/pages\/16577"}],"collection":[{"href":"https:\/\/www.mropenevo.com\/es\/wp-json\/wp\/v2\/pages"}],"about":[{"href":"https:\/\/www.mropenevo.com\/es\/wp-json\/wp\/v2\/types\/page"}],"author":[{"embeddable":true,"href":"https:\/\/www.mropenevo.com\/es\/wp-json\/wp\/v2\/users\/1"}],"replies":[{"embeddable":true,"href":"https:\/\/www.mropenevo.com\/es\/wp-json\/wp\/v2\/comments?post=16577"}],"version-history":[{"count":4,"href":"https:\/\/www.mropenevo.com\/es\/wp-json\/wp\/v2\/pages\/16577\/revisions"}],"predecessor-version":[{"id":16725,"href":"https:\/\/www.mropenevo.com\/es\/wp-json\/wp\/v2\/pages\/16577\/revisions\/16725"}],"wp:attachment":[{"href":"https:\/\/www.mropenevo.com\/es\/wp-json\/wp\/v2\/media?parent=16577"}],"curies":[{"name":"wp","href":"https:\/\/api.w.org\/{rel}","templated":true}]}}