{"id":16641,"date":"2020-09-01T12:54:46","date_gmt":"2020-09-01T10:54:46","guid":{"rendered":"https:\/\/www.mropenevo.com\/politica-de-cookies\/"},"modified":"2023-01-13T14:59:23","modified_gmt":"2023-01-13T13:59:23","slug":"politica-de-cookies","status":"publish","type":"page","link":"https:\/\/www.mropenevo.com\/es\/politica-de-cookies\/","title":{"rendered":"POL\u00cdTICA DE COOKIES"},"content":{"rendered":"<p><div class=\"fusion-fullwidth fullwidth-box fusion-builder-row-1 fusion-flex-container nonhundred-percent-fullwidth non-hundred-percent-height-scrolling\" style=\"--awb-border-radius-top-left:0px;--awb-border-radius-top-right:0px;--awb-border-radius-bottom-right:0px;--awb-border-radius-bottom-left:0px;--awb-background-color:#005195;--awb-flex-wrap:wrap;\" ><div class=\"fusion-builder-row fusion-row fusion-flex-align-items-flex-start fusion-flex-content-wrap\" style=\"max-width:1248px;margin-left: calc(-4% \/ 2 );margin-right: calc(-4% \/ 2 );\"><div class=\"fusion-layout-column fusion_builder_column fusion-builder-column-0 fusion_builder_column_1_1 1_1 fusion-flex-column fusion-flex-align-self-center\" style=\"--awb-bg-size:cover;--awb-width-large:100%;--awb-margin-top-large:0px;--awb-spacing-right-large:1.92%;--awb-margin-bottom-large:0px;--awb-spacing-left-large:1.92%;--awb-width-medium:100%;--awb-order-medium:0;--awb-spacing-right-medium:1.92%;--awb-spacing-left-medium:1.92%;--awb-width-small:100%;--awb-order-small:0;--awb-spacing-right-small:1.92%;--awb-spacing-left-small:1.92%;\"><div class=\"fusion-column-wrapper fusion-column-has-shadow fusion-flex-justify-content-center fusion-content-layout-column\"><div class=\"fusion-title title fusion-title-1 fusion-sep-none fusion-title-text fusion-title-size-one\" style=\"--awb-text-color:#ffffff;--awb-margin-top:15px;--awb-margin-bottom:15px;\"><h1 class=\"fusion-title-heading title-heading-right\" style=\"margin:0;\">POL\u00cdTICA DE COOKIES<\/h1><\/div><\/div><\/div><\/div><\/div><div class=\"fusion-fullwidth fullwidth-box fusion-builder-row-2 fusion-flex-container nonhundred-percent-fullwidth non-hundred-percent-height-scrolling\" style=\"--awb-border-radius-top-left:0px;--awb-border-radius-top-right:0px;--awb-border-radius-bottom-right:0px;--awb-border-radius-bottom-left:0px;--awb-flex-wrap:wrap;\" ><div class=\"fusion-builder-row fusion-row fusion-flex-align-items-flex-start fusion-flex-content-wrap\" style=\"max-width:1248px;margin-left: calc(-4% \/ 2 );margin-right: calc(-4% \/ 2 );\"><div class=\"fusion-layout-column fusion_builder_column fusion-builder-column-1 fusion_builder_column_1_1 1_1 fusion-flex-column\" style=\"--awb-bg-size:cover;--awb-width-large:100%;--awb-margin-top-large:0px;--awb-spacing-right-large:1.92%;--awb-margin-bottom-large:0px;--awb-spacing-left-large:1.92%;--awb-width-medium:100%;--awb-spacing-right-medium:1.92%;--awb-spacing-left-medium:1.92%;--awb-width-small:100%;--awb-spacing-right-small:1.92%;--awb-spacing-left-small:1.92%;\"><div class=\"fusion-column-wrapper fusion-flex-justify-content-flex-start fusion-content-layout-column\"><div class=\"fusion-separator fusion-full-width-sep\" style=\"align-self: center;margin-left: auto;margin-right: auto;margin-top:40px;width:100%;\"><\/div><div class=\"fusion-text fusion-text-1\"><p><strong>INFORMACI\u00d3N SOBRE COOKIES<\/strong><\/p>\n<p><strong>\u00bfQu\u00e9 es una cookie?<\/strong><\/p>\n<p>\u00bfQu\u00e9 es una cookie? Una cookie es un peque\u00f1o archivo de texto que se almacena en un ordenador cuando un usuario visita un sitio web. El texto contiene informaci\u00f3n que el sitio web puede leer cuando se abre el archivo en una fecha posterior. Algunas de estas cookies son necesarias para que el sitio web funcione correctamente, mientras que otras son \u00fatiles para los visitantes para la memorizaci\u00f3n segura de nombres de usuario y configuraciones de idioma, por ejemplo. El beneficio de tener cookies instaladas en su ordenador es que no necesita seguir proporcionando la misma informaci\u00f3n cada vez que visita el mismo sitio web.<\/p>\n<p><strong>Definiciones<\/strong><\/p>\n<p>Las cookies son peque\u00f1os fragmentos de texto (letras y\/o n\u00fameros) utilizados por los servidores web para almacenar informaci\u00f3n localmente (a trav\u00e9s del navegador), para reutilizarlos durante la misma visita al sitio web (cookies de sesi\u00f3n) o despu\u00e9s, tal vez incluso d\u00edas despu\u00e9s (cookies persistentes). Las cookies se almacenan seg\u00fan las preferencias del usuario, por cada navegador, en un dispositivo espec\u00edfico (ordenador, tableta, smartphone).<\/p>\n<p>Se pueden utilizar tecnolog\u00edas similares, como monitores de acceso web, GIF transparentes y todas las formas de almacenamiento local introducidas con HTML5, por ejemplo, para recopilar informaci\u00f3n sobre el comportamiento de los usuarios y c\u00f3mo utilizan los servicios proporcionados.<\/p>\n<p>En el resto de este documento, cuando usamos el t\u00e9rmino \u00abcookies\u00bb, nos referimos a las cookies y todas las tecnolog\u00edas similares.<br \/>\n<strong>Tipos de cookie<\/strong><\/p>\n<p>En funci\u00f3n de sus caracter\u00edsticas y uso, podemos clasificar las cookies de la siguiente manera:<\/p>\n<ul>\n<li><strong>Cookies t\u00e9cnicas<\/strong>. Estas cookies son esenciales para que el sitio web funcione correctamente y se utilizan para gestionar el proceso de inicio de sesi\u00f3n y el acceso a las funciones reservadas. La duraci\u00f3n de estas cookies se limita exclusivamente a la sesi\u00f3n actual (cuando se cierra el navegador, se borran), a excepci\u00f3n de las listas de deseo, que utilizan cookies de mayor duraci\u00f3n (30 d\u00edas) para identificar el ordenador del visitante durante este periodo limitado; esta operaci\u00f3n se realiza mediante un c\u00f3digo alfanum\u00e9rico generado cuando se accede al sitio por primera vez, lo que hace que los usuarios sean reconocibles pero an\u00f3nimos, de modo que sus elecciones puedan ser recordadas. La desactivaci\u00f3n de estas cookies afecta a los servicios que requieren inicio de sesi\u00f3n, mientras que, por lo general, a\u00fan se puede acceder a las \u00e1reas p\u00fablicas del sitio web.<\/li>\n<li><strong>Cookies de an\u00e1lisis y de terceros<\/strong>. Tambi\u00e9n se utilizan para la supervisi\u00f3n del sistema y para mejorar el rendimiento y la usabilidad. Estas cookies se pueden desactivar sin ninguna p\u00e9rdida de funci\u00f3n.<\/li>\n<li><strong>Cookies de perfiles<\/strong>. Estas cookies permanentes se utilizan para identificar (de forma an\u00f3nima o no) las preferencias del usuario y mejorar su experiencia de navegaci\u00f3n. Este sitio web no utiliza estas cookies.<\/li>\n<\/ul>\n<p><strong>DURACI\u00d3N DE LA COOKIE<\/strong><\/p>\n<p>Algunas cookies (cookies de sesi\u00f3n) permanecen activas solo hasta que se cierra el navegador o se cierra la sesi\u00f3n del usuario. Otras cookies permanecen en los dispositivos despu\u00e9s de que se cierra el navegador y tambi\u00e9n se pueden utilizar durante visitas posteriores del usuario.<\/p>\n<p>Estas cookies se conocen como persistentes y su duraci\u00f3n la establece el servidor en el momento de su creaci\u00f3n. En algunos casos la caducidad es fija, en otros es ilimitada.<\/p>\n<p>En este sitio web, la informaci\u00f3n se almacena exclusivamente para fines t\u00e9cnicos y no se usan las cookies persistentes.<\/p>\n<p>Sin embargo, al navegar el sitio web, los usuarios pueden interactuar con sitios terceros que pueden crear o modificar cookies de perfil permanentes. Para conocer los t\u00e9rminos de uso de las cookies de terceros, consulte la secci\u00f3n \u201cCookies de terceros\u201d.<\/p>\n<p><strong>\u00bfPor qu\u00e9 este sitio web usa cookies?<\/strong><\/p>\n<p>Las cookies se usan para brindarles a los clientes una experiencia de compra que refleje sus gustos y preferencias tanto como sea posible. Las cookies hacen posible no recibir o ingresar la misma informaci\u00f3n cada vez que se visita un sitio web. Tambi\u00e9n se utilizan para optimizar el rendimiento del sitio web, facilitando la realizaci\u00f3n de compras y la b\u00fasqueda r\u00e1pida de art\u00edculos y productos espec\u00edficos en el sitio web.<\/p>\n<p>Por ejemplo, las cookies se usan para reconocer las credenciales de inicio de sesi\u00f3n o compras del usuario.<\/p>\n<table border=\"1\" cellpadding=\"10px\">\n<tbody>\n<tr>\n<td>FUENTE<\/td>\n<td>COOKIE<\/td>\n<td>USO<\/td>\n<td>EXPIRACI\u00d3N<\/td>\n<\/tr>\n<tr>\n<td>mropenevo.com<\/td>\n<td>ce-cookie<\/td>\n<td>Gesti\u00f3n de banners de informaci\u00f3n de cookies<\/td>\n<td>1 a\u00f1o<\/td>\n<\/tr>\n<tr>\n<td>mropenevo.com<\/td>\n<td>PHPSESSID<\/td>\n<td>PHPSESSID es una cookie PHP nativa que permite que los sitios web almacenen datos del estado del usuario. Se utiliza para establecer una sesi\u00f3n de usuario y comunicar datos de estado a trav\u00e9s de una cookie temporal, generalmente denominada cookie de sesi\u00f3n. Dado que la cookie PHPSESSID no caduca, desaparece cuando se cierra el navegador.<\/td>\n<td><\/td>\n<\/tr>\n<tr>\n<td>Google Analytics<\/p>\n<p><a href=\"http:\/\/www.google.it\/analytics\/learn\/privacy.html\" rel=\"noopener\">http:\/\/www.google.it\/analytics\/learn\/privacy.html<\/a><\/td>\n<td>__utma,<\/p>\n<p>__utmz<\/td>\n<td>Utilizamos la informaci\u00f3n obtenida de un seguimiento limitado para mejorar el contenido y la estructura del sitio web. Esta informaci\u00f3n nos ayuda a comprender, por ejemplo, el n\u00famero de p\u00e1ginas vistas, el motor de b\u00fasqueda de referencia y la palabra clave utilizada para la b\u00fasqueda.<\/td>\n<td><\/td>\n<\/tr>\n<\/tbody>\n<\/table>\n<p>Actualizaremos esta informaci\u00f3n directamente.<\/p>\n<p>Para obtener m\u00e1s informaci\u00f3n sobre el procesamiento de datos, lee el aviso legal.<\/p>\n<p><strong>COOKIES DE TERCEROS USADAS<\/strong><\/p>\n<p>Las siguientes cookies de terceros se usan en este sitio web<\/p>\n<p><strong>GOOGLE ANALYTICS<\/strong><\/p>\n<p>Google Analytics utiliza principalmente cookies propias para generar informes sobre la interacci\u00f3n de los visitantes con los sitios web. Estas cookies se utilizan para almacenar informaci\u00f3n que no se puede utilizar para la identificaci\u00f3n personal. Los navegadores no comparten cookies propietarias entre diferentes dominios.<\/p>\n<p>Google Analytics utiliza cookies para recopilar y analizar, de forma an\u00f3nima, informaci\u00f3n sobre c\u00f3mo se utilizan los sitios web. Esta informaci\u00f3n es recopilada por Google Analytics y procesada para elaborar informes estad\u00edsticos sobre las actividades en los sitios web en cuesti\u00f3n. Este sitio web no usa (y no permite que terceros usen) Google Analytics para monitorear o recopilar informaci\u00f3n de identificaci\u00f3n personal. Google no asocia la direcci\u00f3n IP con ninguna otra informaci\u00f3n en su poder, ni trata de vincular una direcci\u00f3n IP con la identidad de un usuario. Google tambi\u00e9n puede comunicar dicha informaci\u00f3n a terceros cuando as\u00ed se lo requiera la ley o cuando dichos terceros tengan la informaci\u00f3n antes mencionada en nombre de Google.<\/p>\n<p>Para obtener m\u00e1s informaci\u00f3n, accede a estos enlaces:<\/p>\n<p><a href=\"https:\/\/www.google.it\/policies\/privacy\/partners\/\">https:\/\/www.google.it\/policies\/privacy\/partners\/<\/a><\/p>\n<p><a href=\"https:\/\/developers.google.com\/analytics\/devguides\/collection\/analyticsjs\/cookie-usage\">https:\/\/developers.google.com\/analytics\/devguides\/collection\/analyticsjs\/cookie-usage<\/a><\/p>\n<p>Los usuarios pueden deshabilitar selectivamente Google Analytics instalando la extensi\u00f3n de exclusi\u00f3n proporcionada por Google en su navegador. Para deshabilitar Google Analytics, ve al siguiente enlace:<\/p>\n<p><a href=\"https:\/\/tools.google.com\/dlpage\/gaoptout\">https:\/\/tools.google.com\/dlpage\/gaoptout<\/a><\/p>\n<p><strong>PLUGINS SOCIALES<\/strong><\/p>\n<p>Los complementos sociales dise\u00f1ados para compartir contenido en las redes sociales tambi\u00e9n utilizan cookies. Estos complementos son partes de las p\u00e1ginas visitadas que se generan directamente en los sitios web de las redes sociales y se integran en el sitio de alojamiento. El uso m\u00e1s com\u00fan de los complementos sociales es para compartir contenido en las redes sociales.<\/p>\n<p>El uso de complementos implica la transmisi\u00f3n de cookies hacia y desde todos los sitios web administrados por terceros. La informaci\u00f3n recopilada por terceros se gestiona seg\u00fan lo establecido en los avisos de informaci\u00f3n correspondientes. Para mayor claridad y comodidad, a continuaci\u00f3n se proporcionan enlaces a avisos informativos y m\u00e9todos de gesti\u00f3n de cookies.<\/p>\n<p><strong>Youtube<\/strong><\/p>\n<p>Aviso de informaci\u00f3n:\u00a0<a href=\"http:\/\/www.google.it\/intl\/it\/policies\/technologies\/cookies\/\" rel=\"noopener\">http:\/\/www.google.it\/intl\/it\/policies\/technologies\/cookies\/<\/a><\/p>\n<p>Configuraci\u00f3n:\u00a0<a href=\"http:\/\/www.google.it\/intl\/it\/policies\/technologies\/managing\/\" rel=\"noopener\">http:\/\/www.google.it\/intl\/it\/policies\/technologies\/managing\/<\/a><\/p>\n<p><strong>GESTIONAR Y DESHABILITAR COOKIES<\/strong><\/p>\n<p>Los usuarios pueden decidir si aceptan o no las cookies mediante la configuraci\u00f3n de su navegador.<\/p>\n<p>Advertencia: la deshabilitaci\u00f3n total o parcial de las cookies t\u00e9cnicas puede afectar a las funciones del sitio web reservadas a los usuarios registrados. Se puede acceder al contenido p\u00fablico incluso si las cookies est\u00e1n completamente deshabilitadas.<\/p>\n<p>La desactivaci\u00f3n de las cookies de terceros no afecta en modo alguno a la navegaci\u00f3n.<br \/>\nDeshabilitar las cookies de terceros no afecta la navegaci\u00f3n de ninguna manera.<\/p>\n<p>Se pueden definir configuraciones espec\u00edficas para diferentes sitios web y aplicaciones. Los mejores navegadores tambi\u00e9n le permiten definir diferentes configuraciones para las cookies propias y de terceros.<\/p>\n<p>En Firefox, por ejemplo, la opci\u00f3n de men\u00fa Herramientas-&gt;Opciones-&gt;Privacidad muestra un panel de control que permite al usuario decidir si acepta o no los distintos tipos de cookies y eliminarlas si lo desea.<\/p>\n<p>Chrome:\u00a0<a href=\"https:\/\/support.google.com\/chrome\/answer\/95647?hl=it\" rel=\"noopener\">https:\/\/support.google.com\/chrome\/answer\/95647?hl=it<\/a><\/p>\n<p>Firefox:\u00a0<a href=\"https:\/\/support.mozilla.org\/it\/kb\/Gestione%20dei%20cookie\" rel=\"noopener\">https:\/\/support.mozilla.org\/it\/kb\/Gestione%20dei%20cookie<\/a><\/p>\n<p>Internet Explorer:\u00a0<a href=\"http:\/\/windows.microsoft.com\/it-it\/windows7\/how-to-manage-cookies-in-internet-explorer-9\" rel=\"noopener\">http:\/\/windows.microsoft.com\/it-it\/windows7\/how-to-manage-cookies-in-internet-explorer-9<\/a><\/p>\n<p>Opera:\u00a0<a href=\"http:\/\/help.opera.com\/Windows\/10.00\/it\/cookies.html\" rel=\"noopener\">http:\/\/help.opera.com\/Windows\/10.00\/it\/cookies.html<\/a><\/p>\n<p>Safari:\u00a0<a href=\"http:\/\/support.apple.com\/kb\/HT1677?viewlocale=it_IT\" rel=\"noopener\">http:\/\/support.apple.com\/kb\/HT1677?viewlocale=it_IT<\/a><\/p>\n<\/div><\/div><\/div><\/div><\/div><\/p>\n","protected":false},"excerpt":{"rendered":"","protected":false},"author":1,"featured_media":0,"parent":0,"menu_order":0,"comment_status":"closed","ping_status":"closed","template":"100-width.php","meta":{"sfsi_plus_gutenberg_text_before_share":"","sfsi_plus_gutenberg_show_text_before_share":"","sfsi_plus_gutenberg_icon_type":"","sfsi_plus_gutenberg_icon_alignemt":"","sfsi_plus_gutenburg_max_per_row":"","footnotes":""},"_links":{"self":[{"href":"https:\/\/www.mropenevo.com\/es\/wp-json\/wp\/v2\/pages\/16641"}],"collection":[{"href":"https:\/\/www.mropenevo.com\/es\/wp-json\/wp\/v2\/pages"}],"about":[{"href":"https:\/\/www.mropenevo.com\/es\/wp-json\/wp\/v2\/types\/page"}],"author":[{"embeddable":true,"href":"https:\/\/www.mropenevo.com\/es\/wp-json\/wp\/v2\/users\/1"}],"replies":[{"embeddable":true,"href":"https:\/\/www.mropenevo.com\/es\/wp-json\/wp\/v2\/comments?post=16641"}],"version-history":[{"count":4,"href":"https:\/\/www.mropenevo.com\/es\/wp-json\/wp\/v2\/pages\/16641\/revisions"}],"predecessor-version":[{"id":16773,"href":"https:\/\/www.mropenevo.com\/es\/wp-json\/wp\/v2\/pages\/16641\/revisions\/16773"}],"wp:attachment":[{"href":"https:\/\/www.mropenevo.com\/es\/wp-json\/wp\/v2\/media?parent=16641"}],"curies":[{"name":"wp","href":"https:\/\/api.w.org\/{rel}","templated":true}]}}