{"id":17341,"date":"2020-09-01T12:54:46","date_gmt":"2020-09-01T10:54:46","guid":{"rendered":"https:\/\/www.mropenevo.com\/politica-de-cookies\/"},"modified":"2023-01-13T15:51:00","modified_gmt":"2023-01-13T14:51:00","slug":"politica-de-cookies","status":"publish","type":"page","link":"https:\/\/www.mropenevo.com\/pt-pt\/politica-de-cookies\/","title":{"rendered":"POL\u00cdTICA DE COOKIES"},"content":{"rendered":"<p><div class=\"fusion-fullwidth fullwidth-box fusion-builder-row-1 fusion-flex-container nonhundred-percent-fullwidth non-hundred-percent-height-scrolling\" style=\"--awb-border-radius-top-left:0px;--awb-border-radius-top-right:0px;--awb-border-radius-bottom-right:0px;--awb-border-radius-bottom-left:0px;--awb-background-color:#005195;--awb-flex-wrap:wrap;\" ><div class=\"fusion-builder-row fusion-row fusion-flex-align-items-flex-start fusion-flex-content-wrap\" style=\"max-width:1248px;margin-left: calc(-4% \/ 2 );margin-right: calc(-4% \/ 2 );\"><div class=\"fusion-layout-column fusion_builder_column fusion-builder-column-0 fusion_builder_column_1_1 1_1 fusion-flex-column fusion-flex-align-self-center\" style=\"--awb-bg-size:cover;--awb-width-large:100%;--awb-margin-top-large:0px;--awb-spacing-right-large:1.92%;--awb-margin-bottom-large:0px;--awb-spacing-left-large:1.92%;--awb-width-medium:100%;--awb-order-medium:0;--awb-spacing-right-medium:1.92%;--awb-spacing-left-medium:1.92%;--awb-width-small:100%;--awb-order-small:0;--awb-spacing-right-small:1.92%;--awb-spacing-left-small:1.92%;\"><div class=\"fusion-column-wrapper fusion-column-has-shadow fusion-flex-justify-content-center fusion-content-layout-column\"><div class=\"fusion-title title fusion-title-1 fusion-sep-none fusion-title-text fusion-title-size-one\" style=\"--awb-text-color:#ffffff;--awb-margin-top:15px;--awb-margin-bottom:15px;\"><h1 class=\"fusion-title-heading title-heading-right\" style=\"margin:0;\">POL\u00cdTICA DE COOKIES<\/h1><\/div><\/div><\/div><\/div><\/div><div class=\"fusion-fullwidth fullwidth-box fusion-builder-row-2 fusion-flex-container nonhundred-percent-fullwidth non-hundred-percent-height-scrolling\" style=\"--awb-border-radius-top-left:0px;--awb-border-radius-top-right:0px;--awb-border-radius-bottom-right:0px;--awb-border-radius-bottom-left:0px;--awb-flex-wrap:wrap;\" ><div class=\"fusion-builder-row fusion-row fusion-flex-align-items-flex-start fusion-flex-content-wrap\" style=\"max-width:1248px;margin-left: calc(-4% \/ 2 );margin-right: calc(-4% \/ 2 );\"><div class=\"fusion-layout-column fusion_builder_column fusion-builder-column-1 fusion_builder_column_1_1 1_1 fusion-flex-column\" style=\"--awb-bg-size:cover;--awb-width-large:100%;--awb-margin-top-large:0px;--awb-spacing-right-large:1.92%;--awb-margin-bottom-large:0px;--awb-spacing-left-large:1.92%;--awb-width-medium:100%;--awb-spacing-right-medium:1.92%;--awb-spacing-left-medium:1.92%;--awb-width-small:100%;--awb-spacing-right-small:1.92%;--awb-spacing-left-small:1.92%;\"><div class=\"fusion-column-wrapper fusion-flex-justify-content-flex-start fusion-content-layout-column\"><div class=\"fusion-separator fusion-full-width-sep\" style=\"align-self: center;margin-left: auto;margin-right: auto;margin-top:40px;width:100%;\"><\/div><div class=\"fusion-text fusion-text-1\"><p><strong>INFORMA\u00c7\u00d5ES SOBRE OS COOKIES<\/strong><\/p>\n<p><strong>O que \u00e9 um cookie?<\/strong><\/p>\n<p>O que \u00e9 um cookie? Um cookie \u00e9 um pequeno ficheiro de texto que \u00e9 armazenado em um computador quando um utilizador visita um s\u00edtio Web. O texto cont\u00e9m informa\u00e7\u00f5es que o s\u00edtio Web pode ler quando o arquivo \u00e9 aberto posteriormente. Alguns destes cookies s\u00e3o necess\u00e1rios para o funcionamento adequado do s\u00edtio Web, enquanto outros s\u00e3o \u00fateis aos visitantes para a memoriza\u00e7\u00e3o segura de dados de acesso e configura\u00e7\u00f5es de idioma, por exemplo. O benef\u00edcio de ter cookies instalados no computador pessoal \u00e9 justamente n\u00e3o precisar continuar fornecendo as mesmas informa\u00e7\u00f5es ao visitar o mesmo s\u00edtio.<\/p>\n<p><strong>Defini\u00e7\u00f5es<\/strong><\/p>\n<p>Os cookies s\u00e3o pequenos fragmentos de texto (letras e\/ou n\u00fameros) utilizados pelos servidores Web para armazenar informa\u00e7\u00f5es localmente (atrav\u00e9s do navegador), para reutiliza\u00e7\u00e3o durante a mesma visita ao s\u00edtio (cookies de sess\u00e3o) ou posteriormente, mesmo dias depois (cookies persistentes). Os cookies s\u00e3o armazenados conforme as prefer\u00eancias do utilizador, por cada navegador, em um dispositivo espec\u00edfico (computador, tablet, telem\u00f3vel com funcionalidades avan\u00e7adas).<\/p>\n<p>Tecnologias similares, tais como \u201cWeb beacons\u201d (sinalizadores da Web), GIFs transparentes e todas as formas de armazenamento local introduzidas com a linguagem HTML5, por exemplo, podem ser utilizadas para recolher informa\u00e7\u00f5es a respeito do comportamento dos utilizadores e do modo de utiliza\u00e7\u00e3o dos servi\u00e7os prestados.<\/p>\n<p>Na parte restante deste Documento, quando utilizamos o termo \u201ccookies\u201d nos referimos a cookies e todas as tecnologias an\u00e1logas.<\/p>\n<p><strong>Tipos de cookies<\/strong><\/p>\n<p>Com base em suas caracter\u00edsticas e utiliza\u00e7\u00e3o, podemos classificar os cookies da seguinte forma:<\/p>\n<ul>\n<li><strong>Cookies t\u00e9cnicos<\/strong>. Estes cookies s\u00e3o essenciais para garantir um funcionamento adequado do s\u00edtio Web e s\u00e3o utilizados para gerir os processos de registo e o acesso a fun\u00e7\u00f5es reservadas. A dura\u00e7\u00e3o destes cookies limita-se exclusivamente \u00e0 sess\u00e3o corrente (s\u00e3o eliminados ap\u00f3s o fechamento do navegador), com exce\u00e7\u00e3o das listas de desejos (Wishlists), que utilizam cookies com uma dura\u00e7\u00e3o superior (30 dias) para identificar o computador do visitante durante este per\u00edodo limitado; esta opera\u00e7\u00e3o \u00e9 executada atrav\u00e9s de um c\u00f3digo alfanum\u00e9rico gerado durante o primeiro acesso ao s\u00edtio Web, tornando os utilizadores reconhec\u00edveis, mas an\u00f3nimos, para que as suas escolhas sejam lembradas. A desativa\u00e7\u00e3o destes cookies afeta os servi\u00e7os que exigem registo, enquanto as \u00e1reas p\u00fablicas do s\u00edtio geralmente ainda podem ser acedidas.<\/li>\n<li><strong>Cookies anal\u00edticos e de terceiros<\/strong>. Estes cookies s\u00e3o utilizados para rastrear a analisar o tr\u00e1fego Web anonimamente.<br \/>\nS\u00e3o tamb\u00e9m utilizados para monitoriza\u00e7\u00e3o do sistema e para melhorar o desempenho e a usabilidade. Estes cookies podem ser desativados sem nenhuma perda funcional.<\/li>\n<li><strong>Cookies de caracteriza\u00e7\u00e3o<\/strong>. Estes cookies permanentes s\u00e3o utilizados para identificar (anonimamente ou n\u00e3o) as prefer\u00eancias do utilizador e aprimorar a sua experi\u00eancia de navega\u00e7\u00e3o. Este s\u00edtio Web n\u00e3o utiliza este tipo de cookies.<\/li>\n<\/ul>\n<p><strong>DURA\u00c7\u00c3O DOS COOKIES<\/strong><\/p>\n<p>Alguns cookies (cookies de sess\u00e3o) ficam ativos no navegador apenas durante a visita, desaparecendo assim que o utilizador sair do s\u00edtio Web. Outros cookies permanecem nos dispositivos ap\u00f3s o fechamento do navegador, e podem ser tamb\u00e9m utilizados durante as visitas subsequentes do utilizador.<\/p>\n<p>Estes cookies s\u00e3o conhecidos como persistentes e a sua dura\u00e7\u00e3o \u00e9 definida pelo servidor no momento de sua cria\u00e7\u00e3o. Em alguns casos a expira\u00e7\u00e3o \u00e9 determinada, em outros \u00e9 ilimitada.<\/p>\n<p>Neste s\u00edtio Web, a informa\u00e7\u00e3o \u00e9 armazenada exclusivamente para fins t\u00e9cnicos e cookies persistentes n\u00e3o s\u00e3o utilizados.<\/p>\n<p>No entanto, ao navegar no s\u00edtio Web, os utilizadores podem interagir com s\u00edtios Web de terceiros que podem levar a uma modifica\u00e7\u00e3o e ao uso de cookies de caracteriza\u00e7\u00e3o permanentes. Com rela\u00e7\u00e3o aos Termos de Uso dos cookies de terceiros, consulte a sec\u00e7\u00e3o \u201cCookies de terceiros\u201d.<\/p>\n<p><strong>Por que este s\u00edtio Web utiliza cookies?<\/strong><\/p>\n<p>Os cookies s\u00e3o utilizados para proporcionar aos clientes uma experi\u00eancia de compra que reflita, tanto quanto poss\u00edvel, os seus gostos e prefer\u00eancias. Os cookies permitem n\u00e3o receber ou inserir as mesmas informa\u00e7\u00f5es sempre que um s\u00edtio Web \u00e9 visitado. Os cookies s\u00e3o utilizados, adicionalmente, para otimizar o desempenho do s\u00edtio Web, facilitando a conclus\u00e3o de compras e a busca r\u00e1pida de itens e produtos espec\u00edficos.<\/p>\n<p>Os cookies s\u00e3o utilizados, por exemplo, para reconhecer, as credenciais de acesso ou as compras do utilizador.<\/p>\n<table border=\"1\" cellpadding=\"10px\">\n<tbody>\n<tr>\n<td>FONTE<\/td>\n<td>COOKIE<\/td>\n<td>USO<\/td>\n<td>EXPIRA\u00c7\u00c3O<\/td>\n<\/tr>\n<tr>\n<td>mropenevo.com<\/td>\n<td>ce-cookie<\/td>\n<td>Gest\u00e3o dos banners informativos sobre a utiliza\u00e7\u00e3o dos cookies<\/td>\n<td>1 ano<\/td>\n<\/tr>\n<tr>\n<td>mropenevo.com<\/td>\n<td>PHPSESSID<\/td>\n<td>PHPSESSID \u00e9 um cookie PHP nativo que permite o armazenamento por parte dos s\u00edtios Web dos dados de estado do utilizador. \u00c9 utilizado para estabelecer uma sess\u00e3o do utilizador e para comunicar dados relativos ao estado por meio de um cookie tempor\u00e1rio usualmente denominado cookie de sess\u00e3o. Uma vez que o cookie PHPSESSID n\u00e3o expira, o mesmo \u00e9 exclu\u00eddo quando o navegador \u00e9 fechado.<\/td>\n<td><\/td>\n<\/tr>\n<tr>\n<td>Google Analytics<\/p>\n<p><a href=\"http:\/\/www.google.it\/analytics\/learn\/privacy.html\" rel=\"noopener\">http:\/\/www.google.it\/analytics\/learn\/privacy.html<\/a><\/td>\n<td>__utma,<\/p>\n<p>__utmz<\/td>\n<td>Utilizamos as informa\u00e7\u00f5es obtidas da monitoriza\u00e7\u00e3o limitada para aprimorar o conte\u00fado e a estrutura do s\u00edtio Web. Estas informa\u00e7\u00f5es ajudam-nos, por exemplo, a entender o n\u00famero de visualiza\u00e7\u00f5es de p\u00e1gina, o mecanismo de pesquisa de refer\u00eancia e a palavra-chave utilizada para a pesquisa.<\/td>\n<td><\/td>\n<\/tr>\n<\/tbody>\n<\/table>\n<p>Atualizaremos estas informa\u00e7\u00f5es diretamente.<\/p>\n<p>Para maiores informa\u00e7\u00f5es sobre o tratamento de dados, por favor, consulte o Aviso Legal.<\/p>\n<p><strong>COOKIES DE TERCEIROS UTILIZADOS<\/strong><\/p>\n<p>Os seguintes cookies de terceiros s\u00e3o utilizados neste s\u00edtio Web:<\/p>\n<p><strong>GOOGLE ANALYTICS<\/strong><\/p>\n<p>O Google Analytics usa essencialmente cookies propriet\u00e1rios para gerar relat\u00f3rios sobre a intera\u00e7\u00e3o do visitante com os s\u00edtios Web. Estes cookies servem para armazenar informa\u00e7\u00f5es que n\u00e3o podem ser utilizadas para identifica\u00e7\u00e3o pessoal. Os navegadores n\u00e3o compartilham cookies propriet\u00e1rios entre diferentes dom\u00ednios.<\/p>\n<p>O Google Analytics utiliza cookies para recolher e analisar, sob forma an\u00f3nima, informa\u00e7\u00f5es sobre a navega\u00e7\u00e3o nos s\u00edtios Web. Esta informa\u00e7\u00e3o \u00e9 obtida pelo Google Analytics e processada para preparar relat\u00f3rios estat\u00edsticos sobre as atividades realizadas nos s\u00edtios em quest\u00e3o. Este s\u00edtio n\u00e3o utiliza (e n\u00e3o permite que terceiros o fa\u00e7am) o Google Analytics para monitorizar ou recolher informa\u00e7\u00f5es de identifica\u00e7\u00e3o pessoal. O Google n\u00e3o associa o endere\u00e7o IP a quaisquer outras informa\u00e7\u00f5es em sua posse, nem tenta ligar um endere\u00e7o IP \u00e0 identidade de um utilizador. Entretanto, o Google pode comunicar tais informa\u00e7\u00f5es a terceiros quando for exigido por lei ou quando estes terceiros forem respons\u00e1veis por deter as informa\u00e7\u00f5es referidas em nome do Google.<\/p>\n<p>Para um aprofundamento, por favor, siga estas hiperliga\u00e7\u00f5es:<\/p>\n<p><a href=\"https:\/\/www.google.it\/policies\/privacy\/partners\/\">https:\/\/www.google.it\/policies\/privacy\/partners\/<\/a><\/p>\n<p><a href=\"https:\/\/developers.google.com\/analytics\/devguides\/collection\/analyticsjs\/cookie-usage\">https:\/\/developers.google.com\/analytics\/devguides\/collection\/analyticsjs\/cookie-usage<\/a><\/p>\n<p>Os utilizadores podem desativar seletivamente o Google Analytics instalando a extens\u00e3o de exclus\u00e3o fornecida por Google em seu navegador. Para desabilitar o Google Analytics, por favor, siga a hiperliga\u00e7\u00e3o abaixo:<\/p>\n<p><a href=\"https:\/\/tools.google.com\/dlpage\/gaoptout\">https:\/\/tools.google.com\/dlpage\/gaoptout<\/a><\/p>\n<p><strong>PLUGINS DE REDES SOCIAIS<\/strong><\/p>\n<p>Os plugins sociais projetados para compartilhar conte\u00fados em redes sociais tamb\u00e9m utilizam cookies. Esses plugins s\u00e3o partes de p\u00e1ginas visitadas que s\u00e3o geradas diretamente por s\u00edtios de redes sociais e integradas no s\u00edtio de hospedagem. O uso mais comum de plugins sociais \u00e9 justamente para partilhar conte\u00fados em redes sociais.<\/p>\n<p>A utiliza\u00e7\u00e3o de plugins envolve a transmiss\u00e3o de cookies de e para todos os s\u00edtios Web geridos por terceiros. As informa\u00e7\u00f5es recolhidas por terceiros s\u00e3o geridas conforme estabelecido nas respetivas notas informativas. Para maior clareza e conveni\u00eancia, as hiperliga\u00e7\u00f5es que se referem aos avisos informativos e m\u00e9todos de gest\u00e3o dos cookies s\u00e3o fornecidos abaixo.<\/p>\n<p><strong>Youtube<\/strong><\/p>\n<p>Aviso Informativo:\u00a0<a href=\"http:\/\/www.google.it\/intl\/it\/policies\/technologies\/cookies\/\" rel=\"noopener\">http:\/\/www.google.it\/intl\/it\/policies\/technologies\/cookies\/<\/a><\/p>\n<p>Configura\u00e7\u00e3o:\u00a0<a href=\"http:\/\/www.google.it\/intl\/it\/policies\/technologies\/managing\/\" rel=\"noopener\">http:\/\/www.google.it\/intl\/it\/policies\/technologies\/managing\/<\/a><\/p>\n<p><strong>GEST\u00c3O E DESATIVA\u00c7\u00c3O DOS COOKIES<\/strong><\/p>\n<p>Os utilizadores t\u00eam o direito de escolher se aceitam ou n\u00e3o cookies atrav\u00e9s das configura\u00e7\u00f5es de seu navegador.<\/p>\n<p>Advert\u00eancia: a desativa\u00e7\u00e3o parcial ou total de cookies t\u00e9cnicos pode afetar as fun\u00e7\u00f5es do s\u00edtio Web reservadas aos utilizadores registados. \u00c9 poss\u00edvel aceder ao conte\u00fado p\u00fablico mesmo em caso de desativa\u00e7\u00e3o completa dos cookies.<\/p>\n<p>Desabilitar os cookies de terceiros n\u00e3o afeta de forma alguma a navega\u00e7\u00e3o neste s\u00edtio Web.<\/p>\n<p>Configura\u00e7\u00f5es espec\u00edficas podem ser definidas para diferentes s\u00edtios Web e aplica\u00e7\u00f5es. Os navegadores mais populares tamb\u00e9m permitem definir configura\u00e7\u00f5es diferentes para cookies propriet\u00e1rios e de terceiros.<\/p>\n<p>Em Firefox, por exemplo, o item do menu Ferramentas-&gt;Op\u00e7\u00f5es-&gt;Privacidade exibe um painel de controlo que permite ao utilizador decidir se aceita ou n\u00e3o os diferentes tipos de cookies e exclu\u00ed-los conforme desejado.<\/p>\n<p>Chrome:\u00a0<a href=\"https:\/\/support.google.com\/chrome\/answer\/95647?hl=it\" rel=\"noopener\">https:\/\/support.google.com\/chrome\/answer\/95647?hl=it<\/a><\/p>\n<p>Firefox:\u00a0<a href=\"https:\/\/support.mozilla.org\/it\/kb\/Gestione%20dei%20cookie\" rel=\"noopener\">https:\/\/support.mozilla.org\/it\/kb\/Gestione%20dei%20cookie<\/a><\/p>\n<p>Internet Explorer:\u00a0<a href=\"http:\/\/windows.microsoft.com\/it-it\/windows7\/how-to-manage-cookies-in-internet-explorer-9\" rel=\"noopener\">http:\/\/windows.microsoft.com\/it-it\/windows7\/how-to-manage-cookies-in-internet-explorer-9<\/a><\/p>\n<p>Opera:\u00a0<a href=\"http:\/\/help.opera.com\/Windows\/10.00\/it\/cookies.html\" rel=\"noopener\">http:\/\/help.opera.com\/Windows\/10.00\/it\/cookies.html<\/a><\/p>\n<p>Safari:\u00a0<a href=\"http:\/\/support.apple.com\/kb\/HT1677?viewlocale=it_IT\" rel=\"noopener\">http:\/\/support.apple.com\/kb\/HT1677?viewlocale=it_IT<\/a><\/p>\n<\/div><\/div><\/div><\/div><\/div><\/p>\n","protected":false},"excerpt":{"rendered":"","protected":false},"author":1,"featured_media":0,"parent":0,"menu_order":0,"comment_status":"closed","ping_status":"closed","template":"100-width.php","meta":{"sfsi_plus_gutenberg_text_before_share":"","sfsi_plus_gutenberg_show_text_before_share":"","sfsi_plus_gutenberg_icon_type":"","sfsi_plus_gutenberg_icon_alignemt":"","sfsi_plus_gutenburg_max_per_row":"","footnotes":""},"_links":{"self":[{"href":"https:\/\/www.mropenevo.com\/pt-pt\/wp-json\/wp\/v2\/pages\/17341"}],"collection":[{"href":"https:\/\/www.mropenevo.com\/pt-pt\/wp-json\/wp\/v2\/pages"}],"about":[{"href":"https:\/\/www.mropenevo.com\/pt-pt\/wp-json\/wp\/v2\/types\/page"}],"author":[{"embeddable":true,"href":"https:\/\/www.mropenevo.com\/pt-pt\/wp-json\/wp\/v2\/users\/1"}],"replies":[{"embeddable":true,"href":"https:\/\/www.mropenevo.com\/pt-pt\/wp-json\/wp\/v2\/comments?post=17341"}],"version-history":[{"count":2,"href":"https:\/\/www.mropenevo.com\/pt-pt\/wp-json\/wp\/v2\/pages\/17341\/revisions"}],"predecessor-version":[{"id":17349,"href":"https:\/\/www.mropenevo.com\/pt-pt\/wp-json\/wp\/v2\/pages\/17341\/revisions\/17349"}],"wp:attachment":[{"href":"https:\/\/www.mropenevo.com\/pt-pt\/wp-json\/wp\/v2\/media?parent=17341"}],"curies":[{"name":"wp","href":"https:\/\/api.w.org\/{rel}","templated":true}]}}